{"id":2529,"date":"2019-08-14T12:55:30","date_gmt":"2019-08-14T10:55:30","guid":{"rendered":"https:\/\/cifreceramica.com\/?page_id=2529"},"modified":"2025-11-19T13:01:35","modified_gmt":"2025-11-19T12:01:35","slug":"quienes-somos","status":"publish","type":"page","link":"https:\/\/zenonsolid.web44.com.es\/de\/quienes-somos\/","title":{"rendered":"Qui\u00e9nes somos"},"content":{"rendered":"<p>[vc_row full_width=&#8220;stretch_row_content&#8220; el_class=&#8220;breadcrumb&#8220;][vc_column][\/vc_column][\/vc_row][vc_row el_class=&#8220;titulares_top_new filosofia&#8220;][vc_column width=&#8220;1\/6&#8243;][\/vc_column][vc_column width=&#8220;2\/3&#8243;][vc_column_text css=&#8220;.vc_custom_1737643595117{margin-top: 30px !important;}&#8220;]<\/p>\n<p style=\"text-align: center;\">Wir inspirieren und leiten die Projekte unserer Kunden.<br \/>\nWir bieten nicht nur einen reichen Katalog an Designs, sondern auch L\u00f6sungen f\u00fcr jede Herausforderung, die Sie uns stellen.<\/p>\n<p>[\/vc_column_text][\/vc_column][vc_column width=&#8220;1\/6&#8243;][\/vc_column][\/vc_row][vc_row full_width=&#8220;stretch_row_content_no_spaces&#8220; css=&#8220;.vc_custom_1643968953126{margin-top: 40px !important;background-position: center !important;background-repeat: no-repeat !important;background-size: cover !important;}&#8220; el_class=&#8220;slide_filosofia&#8220;][vc_column][vc_column_text]\n            <div \n                class=\"elfsight-widget-slider elfsight-widget\" \n                data-elfsight-slider-options=\"%7B%22slides%22%3A%5B%7B%22media%22%3A%22https%3A%5C%2F%5C%2Fvimeo.com%5C%2F1136074222%3Fshare%3Dcopy%26fl%3Dsv%26fe%3Dci%22%2C%22imageLink%22%3A%22%22%2C%22contentLayout%22%3A%22bottom%22%2C%22contentTitleEnabled%22%3Afalse%2C%22contentTitleText%22%3A%22Black%20Golden%20Mate%22%2C%22contentTitleColor%22%3A%22rgb%280%2C%200%2C%200%29%22%2C%22contentTitleFontSize%22%3A15%2C%22contentTitleFontWeight%22%3A%22bold%22%2C%22contentTextEnabled%22%3Afalse%2C%22contentTextText%22%3A%22%5CnNam%20dapibus%20nisl%20vitae%20elit%20fringilla%20rutrum.%20Aenean%20sollicitudin%2C%20erat%20a%20elementum%20rutrum.%22%2C%22contentTextColor%22%3A%22rgb%28255%2C%20255%2C%20255%29%22%2C%22contentTextFontSize%22%3A20%2C%22contentButtonEnabled%22%3Afalse%2C%22contentButtonText%22%3A%22SHOP%20NOW%22%2C%22contentButtonLink%22%3A%22%22%2C%22contentButtonStyle%22%3A%22filled%22%2C%22contentButtonShape%22%3A4%2C%22contentButtonColor%22%3A%22rgb%28255%2C%20255%2C%20255%29%22%2C%22contentButtonFontSize%22%3A18%2C%22contentMediaEnabled%22%3Afalse%2C%22contentMedia%22%3Anull%2C%22contentImageSize%22%3A100%2C%22contentBadgeEnabled%22%3Afalse%2C%22contentBadgeText%22%3A%22Big%20Sale%22%2C%22contentBadgeColor%22%3A%22rgb%28255%2C%20255%2C%20255%29%22%2C%22contentBadgeFontSize%22%3A16%2C%22contentBadgeStyle%22%3A%22outline%22%2C%22contentOverlayEnabled%22%3Afalse%2C%22contentOverlayColor%22%3Anull%2C%22contentHorizontalPosition%22%3A0%2C%22contentVerticalPosition%22%3A52%2C%22imageEffect%22%3A%22none%22%2C%22undefined%22%3Anull%2C%22contentButtonOpenLinkInNewTab%22%3Atrue%7D%5D%2C%22width%22%3A%22100%25%22%2C%22height%22%3A800%2C%22paginationEnabled%22%3Atrue%2C%22paginationStyle%22%3A%22bullets%22%2C%22paginationAlign%22%3A%22right%22%2C%22paginationPosition%22%3A%22outside%22%2C%22paginationColor%22%3A%22rgb%2864%2C%2064%2C%2064%29%22%2C%22arrowsEnabled%22%3Atrue%2C%22arrowsPreviewNext%22%3Afalse%2C%22arrowsPosition%22%3A%22inside%22%2C%22arrowsColor%22%3A%22rgb%28255%2C%20255%2C%20255%29%22%2C%22autoSlideEnabled%22%3Afalse%2C%22autoSlideDelay%22%3A5%2C%22autoSlidePauseOnHover%22%3Atrue%2C%22autoSlideProgressbar%22%3Atrue%2C%22transitionEffect%22%3A%22slide%22%2C%22transitionDuration%22%3A0.59999999999999997779553950749686919152736663818359375%2C%22swipeEnabled%22%3Atrue%2C%22mobileSwipeEnabled%22%3Atrue%2C%22infiniteLoop%22%3Atrue%2C%22widgetId%22%3A%228%22%7D\" \n                data-elfsight-slider-version=\"1.1.0\"\n                data-elfsight-widget-id=\"elfsight-slider-8\">\n            <\/div>\n            [\/vc_column_text][\/vc_column][\/vc_row][vc_row el_class=&#8220;bloque&#8220;][vc_column width=&#8220;1\/6&#8243; css=&#8220;.vc_custom_1565782183726{padding-top: 0px !important;}&#8220;][\/vc_column][vc_column width=&#8220;2\/3&#8243; css=&#8220;.vc_custom_1565782187421{padding-top: 0px !important;}&#8220;][\/vc_column][vc_column width=&#8220;1\/6&#8243; css=&#8220;.vc_custom_1565782191970{padding-top: 0px !important;}&#8220;][\/vc_column][\/vc_row][vc_row disable_element=&#8220;yes&#8220;][vc_column][vc_single_image image=&#8220;11045&#8243; img_size=&#8220;full&#8220; alignment=&#8220;center&#8220;][\/vc_column][\/vc_row][vc_row el_class=&#8220;bloque&#8220;][vc_column width=&#8220;5\/12&#8243;][vc_video link=&#8220;https:\/\/vimeo.com\/1137626264&#8243; align=&#8220;center&#8220;][\/vc_column][vc_column width=&#8220;2\/12&#8243;][\/vc_column][vc_column width=&#8220;5\/12&#8243;][vc_single_image image=&#8220;11259&#8243; img_size=&#8220;large&#8220;][\/vc_column][\/vc_row][vc_row el_class=&#8220;bloque&#8220;][vc_column width=&#8220;5\/12&#8243;][vc_column_text el_class=&#8220;texto_general&#8220;]<\/p>\n<h2 style=\"text-align: left;\">Philosophie<\/h2>\n<p style=\"text-align: left;\">Zenon Bath &amp; SPC Surfaces ist ein Unternehmen, in dem Designinnovationen L\u00f6sungen f\u00fcr Innenarchitekturprojekte formen.<\/p>\n<p style=\"text-align: left;\">Unsere Produkte werden zu Werkzeugen f\u00fcr Fachleute und erwecken private und gewerbliche R\u00e4ume zum Leben.<\/p>\n<p style=\"text-align: left;\">F\u00fcr uns sind die Menschen genauso wichtig wie die materiellen Dinge. Die Qualit\u00e4t unserer Produkte verbindet sich mit dem Engagement unserer Mitarbeiter und einem Kundenservice, der auf die Erf\u00fcllung all Ihrer Bed\u00fcrfnisse ausgerichtet ist.<\/p>\n<p>[\/vc_column_text][\/vc_column][vc_column width=&#8220;2\/12&#8243;][\/vc_column][vc_column width=&#8220;5\/12&#8243;][vc_column_text el_class=&#8220;texto_general&#8220;]<\/p>\n<h2 style=\"text-align: left;\">Solidit\u00e4t und Erfahrung<\/h2>\n<p>Zenon ist eine der Marken des Industriekonzerns Argenta.<\/p>\n<p>Die Argenta-Industriegruppe vertreibt ihre Produkte \u00fcber 4 Marken, Argenta, Azuvi, Cifre und Zenon.<\/p>\n<p>Zenon hat seit seiner Gr\u00fcndung ein kontinuierliches Wachstum erlebt.<\/p>\n<p>Kontinuierliche Innovation und die Ber\u00fccksichtigung der Kundenbed\u00fcrfnisse sind die S\u00e4ulen unserer Arbeit. Wir sind in mehr als 90 L\u00e4ndern vertreten und unsere Leidenschaft f\u00fcr Design dr\u00fcckt sich in einer breiten Palette von Produkten aus, die allen Marktanforderungen entsprechen und diese erf\u00fcllen.[\/vc_column_text][\/vc_column][\/vc_row][vc_row el_class=&#8220;bloque&#8220;][vc_column width=&#8220;5\/12&#8243;][vc_single_image image=&#8220;11263&#8243; img_size=&#8220;large&#8220;][\/vc_column][vc_column width=&#8220;2\/12&#8243;][\/vc_column][vc_column width=&#8220;5\/12&#8243;][vc_single_image image=&#8220;11255&#8243; img_size=&#8220;large&#8220;][\/vc_column][\/vc_row][vc_row el_class=&#8220;bloque&#8220;][vc_column width=&#8220;5\/12&#8243;][vc_column_text el_class=&#8220;texto_general&#8220;]<\/p>\n<h2 style=\"text-align: left;\">Werte<\/h2>\n<p><strong>Aktives Zuh\u00f6ren.<\/strong> Das Erkennen von Kundenbed\u00fcrfnissen ist die Voraussetzung f\u00fcr sinnvolle Innovationen. Bei Zenon bieten wir eine breite Palette von L\u00f6sungen f\u00fcr alle Arten von Projekten.<\/p>\n<p><strong>Teamarbeit.<\/strong> Wir k\u00f6nnen nur dann die besten Produkte mit den besten Dienstleistungen anbieten, wenn wir Herausforderungen gemeinsam l\u00f6sen. Wir investieren st\u00e4ndig in die neuesten Produktions- und Dekorationstechniken, um das Beste aus uns herauszuholen.<\/p>\n<p><strong>Leidenschaft f\u00fcr Innovation.<\/strong> Wir wollen, dass unsere Produkte zu n\u00fctzlichen Werkzeugen f\u00fcr Architekten, Innenarchitekten und Bauherren werden. Deshalb basiert unser Angebot auf technologischer Innovation und Marktrealit\u00e4t.[\/vc_column_text][\/vc_column][vc_column width=&#8220;2\/12&#8243;][\/vc_column][vc_column width=&#8220;5\/12&#8243;][vc_column_text el_class=&#8220;texto_general&#8220;]<\/p>\n<h2 style=\"text-align: left;\">Team<\/h2>\n<p>[\/vc_column_text][vc_column_text el_class=&#8220;texto_general&#8220;]<\/p>\n<p style=\"text-align: left;\">Wir haben uns von einer kleinen Familie zu einer gro\u00dfen Familie entwickelt.<\/p>\n<p style=\"text-align: left;\">Wir f\u00f6rdern die aktive Beteiligung des gesamten Teams, denn ihr Beitrag ist unerl\u00e4sslich, damit Zenon Bath &amp; SPC Collection weiterhin mit Optimismus und Hoffnung in die Zukunft blicken kann.<\/p>\n<p style=\"text-align: left;\">Bei Zenon zeichnen wir uns durch die Freude an dem aus, was wir tun, und durch einen engen und aufmerksamen Service f\u00fcr unsere Kunden.<\/p>\n<p style=\"text-align: left;\">Die Stabilit\u00e4t des Zenon-Teams bedeutet auch Stabilit\u00e4t in den Beziehungen zu unseren Kunden.<\/p>\n<p>[\/vc_column_text][\/vc_column][\/vc_row][vc_row el_class=&#8220;bloque videos_filosofia&#8220;][vc_column width=&#8220;1\/3&#8243; css=&#8220;.vc_custom_1565782183726{padding-top: 0px !important;}&#8220;][vc_column_text]\n            <div \n                class=\"elfsight-widget-slider elfsight-widget\" \n                data-elfsight-slider-options=\"%7B%22slides%22%3A%5B%7B%22media%22%3A%22https%3A%5C%2F%5C%2Fvimeo.com%5C%2F1049666253%22%2C%22imageLink%22%3A%22%22%2C%22contentLayout%22%3A%22bottom%22%2C%22contentTitleEnabled%22%3Afalse%2C%22contentTitleText%22%3A%22Black%20Golden%20Mate%22%2C%22contentTitleColor%22%3A%22rgb%280%2C%200%2C%200%29%22%2C%22contentTitleFontSize%22%3A15%2C%22contentTitleFontWeight%22%3A%22bold%22%2C%22contentTextEnabled%22%3Afalse%2C%22contentTextText%22%3A%22%5CnNam%20dapibus%20nisl%20vitae%20elit%20fringilla%20rutrum.%20Aenean%20sollicitudin%2C%20erat%20a%20elementum%20rutrum.%22%2C%22contentTextColor%22%3A%22rgb%28255%2C%20255%2C%20255%29%22%2C%22contentTextFontSize%22%3A20%2C%22contentButtonEnabled%22%3Afalse%2C%22contentButtonText%22%3A%22SHOP%20NOW%22%2C%22contentButtonLink%22%3A%22%22%2C%22contentButtonStyle%22%3A%22filled%22%2C%22contentButtonShape%22%3A4%2C%22contentButtonColor%22%3A%22rgb%28255%2C%20255%2C%20255%29%22%2C%22contentButtonFontSize%22%3A18%2C%22contentMediaEnabled%22%3Afalse%2C%22contentMedia%22%3Anull%2C%22contentImageSize%22%3A100%2C%22contentBadgeEnabled%22%3Afalse%2C%22contentBadgeText%22%3A%22Big%20Sale%22%2C%22contentBadgeColor%22%3A%22rgb%28255%2C%20255%2C%20255%29%22%2C%22contentBadgeFontSize%22%3A16%2C%22contentBadgeStyle%22%3A%22outline%22%2C%22contentOverlayEnabled%22%3Afalse%2C%22contentOverlayColor%22%3Anull%2C%22contentHorizontalPosition%22%3A0%2C%22contentVerticalPosition%22%3A52%2C%22imageEffect%22%3A%22none%22%2C%22undefined%22%3Anull%2C%22contentButtonOpenLinkInNewTab%22%3Atrue%7D%5D%2C%22width%22%3A%22100%25%22%2C%22height%22%3A250%2C%22paginationEnabled%22%3Atrue%2C%22paginationStyle%22%3A%22bullets%22%2C%22paginationAlign%22%3A%22right%22%2C%22paginationPosition%22%3A%22outside%22%2C%22paginationColor%22%3A%22rgb%2864%2C%2064%2C%2064%29%22%2C%22arrowsEnabled%22%3Atrue%2C%22arrowsPreviewNext%22%3Afalse%2C%22arrowsPosition%22%3A%22inside%22%2C%22arrowsColor%22%3A%22rgb%28255%2C%20255%2C%20255%29%22%2C%22autoSlideEnabled%22%3Afalse%2C%22autoSlideDelay%22%3A5%2C%22autoSlidePauseOnHover%22%3Atrue%2C%22autoSlideProgressbar%22%3Atrue%2C%22transitionEffect%22%3A%22slide%22%2C%22transitionDuration%22%3A0.59999999999999997779553950749686919152736663818359375%2C%22swipeEnabled%22%3Atrue%2C%22mobileSwipeEnabled%22%3Atrue%2C%22infiniteLoop%22%3Atrue%2C%22widgetId%22%3A%2211%22%7D\" \n                data-elfsight-slider-version=\"1.1.0\"\n                data-elfsight-widget-id=\"elfsight-slider-11\">\n            <\/div>\n            [\/vc_column_text][vc_column_text el_class=&#8220;texto_general&#8220;]<\/p>\n<h2 style=\"text-align: left;\">Kundenbeziehung<\/h2>\n<p>Wir freuen uns darauf, Sie zu begleiten, damit Sie sich bei Ihren Entscheidungen sicher f\u00fchlen. Dank unserer Vertriebsabteilungen auf der ganzen Welt bieten wir effiziente, nachhaltige und qualitativ hochwertige L\u00f6sungen. Wir legen Wert auf langfristige Beziehungen zu unseren Kunden. Technologie ist ein wichtiger Verb\u00fcndeter, aber es sind die Menschen, die uns inspirieren. Unser Verkaufsteam arbeitet eng mit unseren Marketing-, Verwaltungs- und Vertriebsteams zusammen und teilt mit ihnen die gleiche Leidenschaft f\u00fcr Keramik, die uns bisher angetrieben hat.[\/vc_column_text][\/vc_column][vc_column width=&#8220;1\/3&#8243; css=&#8220;.vc_custom_1565782187421{padding-top: 0px !important;}&#8220;][vc_column_text]\n            <div \n                class=\"elfsight-widget-slider elfsight-widget\" \n                data-elfsight-slider-options=\"%7B%22slides%22%3A%5B%7B%22media%22%3A%22https%3A%5C%2F%5C%2Fvimeo.com%5C%2F1049666277%22%2C%22imageLink%22%3A%22%22%2C%22contentLayout%22%3A%22bottom%22%2C%22contentTitleEnabled%22%3Afalse%2C%22contentTitleText%22%3A%22Black%20Golden%20Mate%22%2C%22contentTitleColor%22%3A%22rgb%280%2C%200%2C%200%29%22%2C%22contentTitleFontSize%22%3A15%2C%22contentTitleFontWeight%22%3A%22bold%22%2C%22contentTextEnabled%22%3Afalse%2C%22contentTextText%22%3A%22%5CnNam%20dapibus%20nisl%20vitae%20elit%20fringilla%20rutrum.%20Aenean%20sollicitudin%2C%20erat%20a%20elementum%20rutrum.%22%2C%22contentTextColor%22%3A%22rgb%28255%2C%20255%2C%20255%29%22%2C%22contentTextFontSize%22%3A20%2C%22contentButtonEnabled%22%3Afalse%2C%22contentButtonText%22%3A%22SHOP%20NOW%22%2C%22contentButtonLink%22%3A%22%22%2C%22contentButtonStyle%22%3A%22filled%22%2C%22contentButtonShape%22%3A4%2C%22contentButtonColor%22%3A%22rgb%28255%2C%20255%2C%20255%29%22%2C%22contentButtonFontSize%22%3A18%2C%22contentMediaEnabled%22%3Afalse%2C%22contentMedia%22%3Anull%2C%22contentImageSize%22%3A100%2C%22contentBadgeEnabled%22%3Afalse%2C%22contentBadgeText%22%3A%22Big%20Sale%22%2C%22contentBadgeColor%22%3A%22rgb%28255%2C%20255%2C%20255%29%22%2C%22contentBadgeFontSize%22%3A16%2C%22contentBadgeStyle%22%3A%22outline%22%2C%22contentOverlayEnabled%22%3Afalse%2C%22contentOverlayColor%22%3Anull%2C%22contentHorizontalPosition%22%3A0%2C%22contentVerticalPosition%22%3A52%2C%22imageEffect%22%3A%22none%22%2C%22undefined%22%3Anull%2C%22contentButtonOpenLinkInNewTab%22%3Atrue%7D%5D%2C%22width%22%3A%22100%25%22%2C%22height%22%3A250%2C%22paginationEnabled%22%3Atrue%2C%22paginationStyle%22%3A%22bullets%22%2C%22paginationAlign%22%3A%22right%22%2C%22paginationPosition%22%3A%22outside%22%2C%22paginationColor%22%3A%22rgb%2864%2C%2064%2C%2064%29%22%2C%22arrowsEnabled%22%3Atrue%2C%22arrowsPreviewNext%22%3Afalse%2C%22arrowsPosition%22%3A%22inside%22%2C%22arrowsColor%22%3A%22rgb%28255%2C%20255%2C%20255%29%22%2C%22autoSlideEnabled%22%3Afalse%2C%22autoSlideDelay%22%3A5%2C%22autoSlidePauseOnHover%22%3Atrue%2C%22autoSlideProgressbar%22%3Atrue%2C%22transitionEffect%22%3A%22slide%22%2C%22transitionDuration%22%3A0.59999999999999997779553950749686919152736663818359375%2C%22swipeEnabled%22%3Atrue%2C%22mobileSwipeEnabled%22%3Atrue%2C%22infiniteLoop%22%3Atrue%2C%22widgetId%22%3A%2210%22%7D\" \n                data-elfsight-slider-version=\"1.1.0\"\n                data-elfsight-widget-id=\"elfsight-slider-10\">\n            <\/div>\n            [\/vc_column_text][vc_column_text el_class=&#8220;texto_general&#8220;]<\/p>\n<h2 style=\"text-align: left;\">Entwicklung<\/h2>\n<p>Unser umfangreicher Katalog ist das Ergebnis der Arbeit eines Teams von qualifizierten Fachleuten, die den gesamten Produktionsprozess kontrollieren. Die Produktentwicklung ist bestrebt, den globalen Branchentrends zu folgen und Antworten auf neue Herausforderungen zu geben.[\/vc_column_text][\/vc_column][vc_column width=&#8220;1\/3&#8243; css=&#8220;.vc_custom_1565782191970{padding-top: 0px !important;}&#8220;][vc_column_text]\n            <div \n                class=\"elfsight-widget-slider elfsight-widget\" \n                data-elfsight-slider-options=\"%7B%22slides%22%3A%5B%7B%22media%22%3A%22https%3A%5C%2F%5C%2Fvimeo.com%5C%2F1049666223%22%2C%22imageLink%22%3A%22%22%2C%22contentLayout%22%3A%22bottom%22%2C%22contentTitleEnabled%22%3Afalse%2C%22contentTitleText%22%3A%22Black%20Golden%20Mate%22%2C%22contentTitleColor%22%3A%22rgb%280%2C%200%2C%200%29%22%2C%22contentTitleFontSize%22%3A15%2C%22contentTitleFontWeight%22%3A%22bold%22%2C%22contentTextEnabled%22%3Afalse%2C%22contentTextText%22%3A%22%5CnNam%20dapibus%20nisl%20vitae%20elit%20fringilla%20rutrum.%20Aenean%20sollicitudin%2C%20erat%20a%20elementum%20rutrum.%22%2C%22contentTextColor%22%3A%22rgb%28255%2C%20255%2C%20255%29%22%2C%22contentTextFontSize%22%3A20%2C%22contentButtonEnabled%22%3Afalse%2C%22contentButtonText%22%3A%22SHOP%20NOW%22%2C%22contentButtonLink%22%3A%22%22%2C%22contentButtonStyle%22%3A%22filled%22%2C%22contentButtonShape%22%3A4%2C%22contentButtonColor%22%3A%22rgb%28255%2C%20255%2C%20255%29%22%2C%22contentButtonFontSize%22%3A18%2C%22contentMediaEnabled%22%3Afalse%2C%22contentMedia%22%3Anull%2C%22contentImageSize%22%3A100%2C%22contentBadgeEnabled%22%3Afalse%2C%22contentBadgeText%22%3A%22Big%20Sale%22%2C%22contentBadgeColor%22%3A%22rgb%28255%2C%20255%2C%20255%29%22%2C%22contentBadgeFontSize%22%3A16%2C%22contentBadgeStyle%22%3A%22outline%22%2C%22contentOverlayEnabled%22%3Afalse%2C%22contentOverlayColor%22%3Anull%2C%22contentHorizontalPosition%22%3A0%2C%22contentVerticalPosition%22%3A52%2C%22imageEffect%22%3A%22none%22%2C%22undefined%22%3Anull%2C%22contentButtonOpenLinkInNewTab%22%3Atrue%7D%5D%2C%22width%22%3A%22100%25%22%2C%22height%22%3A250%2C%22paginationEnabled%22%3Atrue%2C%22paginationStyle%22%3A%22bullets%22%2C%22paginationAlign%22%3A%22right%22%2C%22paginationPosition%22%3A%22outside%22%2C%22paginationColor%22%3A%22rgb%2864%2C%2064%2C%2064%29%22%2C%22arrowsEnabled%22%3Atrue%2C%22arrowsPreviewNext%22%3Afalse%2C%22arrowsPosition%22%3A%22inside%22%2C%22arrowsColor%22%3A%22rgb%28255%2C%20255%2C%20255%29%22%2C%22autoSlideEnabled%22%3Afalse%2C%22autoSlideDelay%22%3A5%2C%22autoSlidePauseOnHover%22%3Atrue%2C%22autoSlideProgressbar%22%3Atrue%2C%22transitionEffect%22%3A%22slide%22%2C%22transitionDuration%22%3A0.59999999999999997779553950749686919152736663818359375%2C%22swipeEnabled%22%3Atrue%2C%22mobileSwipeEnabled%22%3Atrue%2C%22infiniteLoop%22%3Atrue%2C%22widgetId%22%3A%229%22%7D\" \n                data-elfsight-slider-version=\"1.1.0\"\n                data-elfsight-widget-id=\"elfsight-slider-9\">\n            <\/div>\n            [\/vc_column_text][vc_column_text el_class=&#8220;texto_general&#8220;]<\/p>\n<h2 style=\"text-align: left;\">Logistik und Produktion<\/h2>\n<p>Bei Zenon garantieren wir einen schnellen und qualitativ hochwertigen Service dank unserer 2 Logistikzentren, eines in Sonseca (Toledo) und das andere in Onda (Castell\u00f3n), mit einer Lagerkapazit\u00e4t von 20.000 Einheiten, wir haben auch eine Produktionskapazit\u00e4t von 10.000 Einheiten pro Monat.[\/vc_column_text][\/vc_column][\/vc_row]<\/p>\n","protected":false},"excerpt":{"rendered":"<p>[vc_row full_width=&#8220;stretch_row_content&#8220; el_class=&#8220;breadcrumb&#8220;][vc_column][\/vc_column][\/vc_row][vc_row el_class=&#8220;titulares_top_new filosofia&#8220;][vc_column width=&#8220;1\/6&#8243;][\/vc_column][vc_column width=&#8220;2\/3&#8243;][vc_column_text css=&#8220;.vc_custom_1737643595117{margin-top: 30px !important;}&#8220;] Wir inspirieren und leiten die Projekte unserer Kunden. Wir bieten nicht nur einen reichen Katalog an Designs, sondern auch L\u00f6sungen f\u00fcr jede Herausforderung, die Sie uns stellen. [\/vc_column_text][\/vc_column][vc_column width=&#8220;1\/6&#8243;][\/vc_column][\/vc_row][vc_row full_width=&#8220;stretch_row_content_no_spaces&#8220; css=&#8220;.vc_custom_1643968953126{margin-top: 40px !important;background-position: center !important;background-repeat: no-repeat !important;background-size: cover !important;}&#8220; el_class=&#8220;slide_filosofia&#8220;][vc_column][vc_column_text][\/vc_column_text][\/vc_column][\/vc_row][vc_row el_class=&#8220;bloque&#8220;][vc_column width=&#8220;1\/6&#8243; css=&#8220;.vc_custom_1565782183726{padding-top: 0px !important;}&#8220;][\/vc_column][vc_column [&hellip;]<\/p>\n","protected":false},"author":1,"featured_media":0,"parent":0,"menu_order":0,"comment_status":"closed","ping_status":"closed","template":"","meta":{"om_disable_all_campaigns":false,"footnotes":""},"class_list":["post-2529","page","type-page","status-publish","hentry"],"aioseo_notices":[],"_links":{"self":[{"href":"https:\/\/zenonsolid.web44.com.es\/de\/wp-json\/wp\/v2\/pages\/2529","targetHints":{"allow":["GET"]}}],"collection":[{"href":"https:\/\/zenonsolid.web44.com.es\/de\/wp-json\/wp\/v2\/pages"}],"about":[{"href":"https:\/\/zenonsolid.web44.com.es\/de\/wp-json\/wp\/v2\/types\/page"}],"author":[{"embeddable":true,"href":"https:\/\/zenonsolid.web44.com.es\/de\/wp-json\/wp\/v2\/users\/1"}],"replies":[{"embeddable":true,"href":"https:\/\/zenonsolid.web44.com.es\/de\/wp-json\/wp\/v2\/comments?post=2529"}],"version-history":[{"count":20,"href":"https:\/\/zenonsolid.web44.com.es\/de\/wp-json\/wp\/v2\/pages\/2529\/revisions"}],"predecessor-version":[{"id":11687,"href":"https:\/\/zenonsolid.web44.com.es\/de\/wp-json\/wp\/v2\/pages\/2529\/revisions\/11687"}],"wp:attachment":[{"href":"https:\/\/zenonsolid.web44.com.es\/de\/wp-json\/wp\/v2\/media?parent=2529"}],"curies":[{"name":"wp","href":"https:\/\/api.w.org\/{rel}","templated":true}]}}