{"id":2491,"date":"2019-08-14T12:55:30","date_gmt":"2019-08-14T10:55:30","guid":{"rendered":"https:\/\/cifreceramica.com\/quienes-somos\/"},"modified":"2025-11-17T16:10:10","modified_gmt":"2025-11-17T15:10:10","slug":"quienes-somos","status":"publish","type":"page","link":"https:\/\/zenonsolid.web44.com.es\/fr\/quienes-somos\/","title":{"rendered":"Qui\u00e9nes somos"},"content":{"rendered":"<p>[vc_row full_width=\u00a0\u00bbstretch_row_content\u00a0\u00bb el_class=\u00a0\u00bbbreadcrumb\u00a0\u00bb][vc_column][\/vc_column][\/vc_row][vc_row el_class=\u00a0\u00bbtitulares_top_new filosofia\u00a0\u00bb][vc_column width=\u00a0\u00bb1\/6&Prime;][\/vc_column][vc_column width=\u00a0\u00bb2\/3&Prime;][vc_column_text css=\u00a0\u00bb.vc_custom_1737642774005{margin-top: 30px !important;}\u00a0\u00bb]<\/p>\n<p style=\"text-align: center;\">Nous inspirons et conduisons les projets de nos clients.<br \/>\nNous vous proposons non seulement un riche catalogue de designs, mais aussi des solutions \u00e0 tous les d\u00e9fis que vous nous lancez.<\/p>\n<p>[\/vc_column_text][\/vc_column][vc_column width=\u00a0\u00bb1\/6&Prime;][\/vc_column][\/vc_row][vc_row full_width=\u00a0\u00bbstretch_row_content_no_spaces\u00a0\u00bb css=\u00a0\u00bb.vc_custom_1643968953126{margin-top: 40px !important;background-position: center !important;background-repeat: no-repeat !important;background-size: cover !important;}\u00a0\u00bb el_class=\u00a0\u00bbslide_filosofia\u00a0\u00bb][vc_column][vc_column_text]\n            <div \n                class=\"elfsight-widget-slider elfsight-widget\" \n                data-elfsight-slider-options=\"%7B%22slides%22%3A%5B%7B%22media%22%3A%22https%3A%5C%2F%5C%2Fvimeo.com%5C%2F1136074222%3Fshare%3Dcopy%26fl%3Dsv%26fe%3Dci%22%2C%22imageLink%22%3A%22%22%2C%22contentLayout%22%3A%22bottom%22%2C%22contentTitleEnabled%22%3Afalse%2C%22contentTitleText%22%3A%22Black%20Golden%20Mate%22%2C%22contentTitleColor%22%3A%22rgb%280%2C%200%2C%200%29%22%2C%22contentTitleFontSize%22%3A15%2C%22contentTitleFontWeight%22%3A%22bold%22%2C%22contentTextEnabled%22%3Afalse%2C%22contentTextText%22%3A%22%5CnNam%20dapibus%20nisl%20vitae%20elit%20fringilla%20rutrum.%20Aenean%20sollicitudin%2C%20erat%20a%20elementum%20rutrum.%22%2C%22contentTextColor%22%3A%22rgb%28255%2C%20255%2C%20255%29%22%2C%22contentTextFontSize%22%3A20%2C%22contentButtonEnabled%22%3Afalse%2C%22contentButtonText%22%3A%22SHOP%20NOW%22%2C%22contentButtonLink%22%3A%22%22%2C%22contentButtonStyle%22%3A%22filled%22%2C%22contentButtonShape%22%3A4%2C%22contentButtonColor%22%3A%22rgb%28255%2C%20255%2C%20255%29%22%2C%22contentButtonFontSize%22%3A18%2C%22contentMediaEnabled%22%3Afalse%2C%22contentMedia%22%3Anull%2C%22contentImageSize%22%3A100%2C%22contentBadgeEnabled%22%3Afalse%2C%22contentBadgeText%22%3A%22Big%20Sale%22%2C%22contentBadgeColor%22%3A%22rgb%28255%2C%20255%2C%20255%29%22%2C%22contentBadgeFontSize%22%3A16%2C%22contentBadgeStyle%22%3A%22outline%22%2C%22contentOverlayEnabled%22%3Afalse%2C%22contentOverlayColor%22%3Anull%2C%22contentHorizontalPosition%22%3A0%2C%22contentVerticalPosition%22%3A52%2C%22imageEffect%22%3A%22none%22%2C%22undefined%22%3Anull%2C%22contentButtonOpenLinkInNewTab%22%3Atrue%7D%5D%2C%22width%22%3A%22100%25%22%2C%22height%22%3A800%2C%22paginationEnabled%22%3Atrue%2C%22paginationStyle%22%3A%22bullets%22%2C%22paginationAlign%22%3A%22right%22%2C%22paginationPosition%22%3A%22outside%22%2C%22paginationColor%22%3A%22rgb%2864%2C%2064%2C%2064%29%22%2C%22arrowsEnabled%22%3Atrue%2C%22arrowsPreviewNext%22%3Afalse%2C%22arrowsPosition%22%3A%22inside%22%2C%22arrowsColor%22%3A%22rgb%28255%2C%20255%2C%20255%29%22%2C%22autoSlideEnabled%22%3Afalse%2C%22autoSlideDelay%22%3A5%2C%22autoSlidePauseOnHover%22%3Atrue%2C%22autoSlideProgressbar%22%3Atrue%2C%22transitionEffect%22%3A%22slide%22%2C%22transitionDuration%22%3A0.59999999999999997779553950749686919152736663818359375%2C%22swipeEnabled%22%3Atrue%2C%22mobileSwipeEnabled%22%3Atrue%2C%22infiniteLoop%22%3Atrue%2C%22widgetId%22%3A%228%22%7D\" \n                data-elfsight-slider-version=\"1.1.0\"\n                data-elfsight-widget-id=\"elfsight-slider-8\">\n            <\/div>\n            [\/vc_column_text][\/vc_column][\/vc_row][vc_row disable_element=\u00a0\u00bbyes\u00a0\u00bb][vc_column][vc_single_image image=\u00a0\u00bb11044&Prime; img_size=\u00a0\u00bbfull\u00a0\u00bb alignment=\u00a0\u00bbcenter\u00a0\u00bb][\/vc_column][\/vc_row][vc_row el_class=\u00a0\u00bbbloque\u00a0\u00bb][vc_column width=\u00a0\u00bb5\/12&Prime;][vc_video link=\u00a0\u00bbhttps:\/\/vimeo.com\/1137708250&Prime; align=\u00a0\u00bbcenter\u00a0\u00bb][\/vc_column][vc_column width=\u00a0\u00bb2\/12&Prime;][\/vc_column][vc_column width=\u00a0\u00bb5\/12&Prime;][vc_single_image image=\u00a0\u00bb11258&Prime; img_size=\u00a0\u00bblarge\u00a0\u00bb][\/vc_column][\/vc_row][vc_row el_class=\u00a0\u00bbbloque\u00a0\u00bb][vc_column width=\u00a0\u00bb5\/12&Prime;][vc_column_text el_class=\u00a0\u00bbtexto_general\u00a0\u00bb]<\/p>\n<h2 style=\"text-align: left;\">Philosophie<\/h2>\n<p style=\"text-align: left;\">Zenon Bath &amp; SPC Surfaces est une entreprise o\u00f9 l&rsquo;innovation en mati\u00e8re de design fa\u00e7onne des solutions pour les projets d&rsquo;am\u00e9nagement int\u00e9rieur.<\/p>\n<p style=\"text-align: left;\">Nos produits deviennent des outils pour les professionnels, donnant vie aux espaces priv\u00e9s et commerciaux. Pour nous, les personnes sont aussi importantes que les biens mat\u00e9riels.<\/p>\n<p style=\"text-align: left;\">La qualit\u00e9 de nos produits est associ\u00e9e \u00e0 l&rsquo;engagement de notre personnel et \u00e0 un service \u00e0 la client\u00e8le ax\u00e9 sur la satisfaction de tous vos besoins.<\/p>\n<p>[\/vc_column_text][\/vc_column][vc_column width=\u00a0\u00bb2\/12&Prime;][\/vc_column][vc_column width=\u00a0\u00bb5\/12&Prime;][vc_column_text el_class=\u00a0\u00bbtexto_general\u00a0\u00bb]<\/p>\n<h2 style=\"text-align: left;\">Solidit\u00e9 et exp\u00e9rience<\/h2>\n<p>Zenon est l&rsquo;une des marques du groupe industriel Argenta.<\/p>\n<p>Le groupe industriel Argenta commercialise ses produits \u00e0 travers 4 marques, Argenta, Azuvi, Cifre et Zenon.<\/p>\n<p>Zenon a connu une croissance continue depuis sa cr\u00e9ation.<\/p>\n<p>La innovaci\u00f3n continua y la atenci\u00f3n a las necesidades del cliente son los pilares de nuestro trabajo. Presente en m\u00e1s de 90 pa\u00edses, nuestra pasi\u00f3n por el dise\u00f1o se expresa en una amplia gama de productos que responden y satisfacen todas las necesidades del mercado.[\/vc_column_text][\/vc_column][\/vc_row][vc_row el_class=\u00a0\u00bbbloque\u00a0\u00bb][vc_column width=\u00a0\u00bb5\/12&Prime;][vc_single_image image=\u00a0\u00bb11262&Prime; img_size=\u00a0\u00bblarge\u00a0\u00bb][\/vc_column][vc_column width=\u00a0\u00bb2\/12&Prime;][\/vc_column][vc_column width=\u00a0\u00bb5\/12&Prime;][vc_single_image image=\u00a0\u00bb11254&Prime; img_size=\u00a0\u00bblarge\u00a0\u00bb][\/vc_column][\/vc_row][vc_row el_class=\u00a0\u00bbbloque\u00a0\u00bb][vc_column width=\u00a0\u00bb5\/12&Prime;][vc_column_text el_class=\u00a0\u00bbtexto_general\u00a0\u00bb]<\/p>\n<h2 style=\"text-align: left;\">Valeurs<\/h2>\n<p><strong>L&rsquo;\u00e9coute active.\u00a0 <\/strong>D\u00e9couvrir les besoins des clients est essentiel pour une innovation significative. Chez Zenon, nous proposons une large gamme de solutions pour tous les types de projets.<\/p>\n<p><strong>Le travail d&rsquo;\u00e9quipe.<\/strong>\u00a0 Nous ne pouvons offrir les meilleurs produits et les meilleurs services que si nous relevons les d\u00e9fis ensemble. Nous investissons constamment dans les derni\u00e8res techniques de production et de d\u00e9coration afin de donner le meilleur de nous-m\u00eames.<\/p>\n<p><strong>Passion pour l&rsquo;innovation.\u00a0 <\/strong>Nous voulons que nos produits deviennent des outils utiles pour les architectes, les d\u00e9corateurs d&rsquo;int\u00e9rieur et les constructeurs. C&rsquo;est pourquoi notre offre est bas\u00e9e sur l&rsquo;innovation technologique et les r\u00e9alit\u00e9s du march\u00e9.[\/vc_column_text][\/vc_column][vc_column width=\u00a0\u00bb2\/12&Prime;][\/vc_column][vc_column width=\u00a0\u00bb5\/12&Prime;][vc_column_text el_class=\u00a0\u00bbtexto_general\u00a0\u00bb]<\/p>\n<h2 style=\"text-align: left;\">\u00c9quipe<\/h2>\n<p>[\/vc_column_text][vc_column_text el_class=\u00a0\u00bbtexto_general\u00a0\u00bb]<\/p>\n<p style=\"text-align: left;\">D&rsquo;une petite famille, nous sommes devenus une grande famille.<\/p>\n<p style=\"text-align: left;\">Nous encourageons la participation active de toute l&rsquo;\u00e9quipe, car leur contribution est essentielle pour que Zenon Bath &amp; SPC Collection puisse continuer \u00e0 envisager l&rsquo;avenir avec optimisme et espoir.<\/p>\n<p style=\"text-align: left;\">Chez Zenon, nous nous distinguons par le plaisir que nous \u00e9prouvons \u00e0 faire ce que nous faisons et par le service proche et attentif que nous offrons \u00e0 nos clients.<\/p>\n<p style=\"text-align: left;\">La stabilit\u00e9 de l&rsquo;\u00e9quipe Zenon se traduit par la stabilit\u00e9 de nos relations avec nos clients.<\/p>\n<p>[\/vc_column_text][\/vc_column][\/vc_row][vc_row el_class=\u00a0\u00bbbloque videos_filosofia\u00a0\u00bb][vc_column width=\u00a0\u00bb1\/3&Prime; css=\u00a0\u00bb.vc_custom_1565782183726{padding-top: 0px !important;}\u00a0\u00bb][vc_column_text]\n            <div \n                class=\"elfsight-widget-slider elfsight-widget\" \n                data-elfsight-slider-options=\"%7B%22slides%22%3A%5B%7B%22media%22%3A%22https%3A%5C%2F%5C%2Fvimeo.com%5C%2F1049666253%22%2C%22imageLink%22%3A%22%22%2C%22contentLayout%22%3A%22bottom%22%2C%22contentTitleEnabled%22%3Afalse%2C%22contentTitleText%22%3A%22Black%20Golden%20Mate%22%2C%22contentTitleColor%22%3A%22rgb%280%2C%200%2C%200%29%22%2C%22contentTitleFontSize%22%3A15%2C%22contentTitleFontWeight%22%3A%22bold%22%2C%22contentTextEnabled%22%3Afalse%2C%22contentTextText%22%3A%22%5CnNam%20dapibus%20nisl%20vitae%20elit%20fringilla%20rutrum.%20Aenean%20sollicitudin%2C%20erat%20a%20elementum%20rutrum.%22%2C%22contentTextColor%22%3A%22rgb%28255%2C%20255%2C%20255%29%22%2C%22contentTextFontSize%22%3A20%2C%22contentButtonEnabled%22%3Afalse%2C%22contentButtonText%22%3A%22SHOP%20NOW%22%2C%22contentButtonLink%22%3A%22%22%2C%22contentButtonStyle%22%3A%22filled%22%2C%22contentButtonShape%22%3A4%2C%22contentButtonColor%22%3A%22rgb%28255%2C%20255%2C%20255%29%22%2C%22contentButtonFontSize%22%3A18%2C%22contentMediaEnabled%22%3Afalse%2C%22contentMedia%22%3Anull%2C%22contentImageSize%22%3A100%2C%22contentBadgeEnabled%22%3Afalse%2C%22contentBadgeText%22%3A%22Big%20Sale%22%2C%22contentBadgeColor%22%3A%22rgb%28255%2C%20255%2C%20255%29%22%2C%22contentBadgeFontSize%22%3A16%2C%22contentBadgeStyle%22%3A%22outline%22%2C%22contentOverlayEnabled%22%3Afalse%2C%22contentOverlayColor%22%3Anull%2C%22contentHorizontalPosition%22%3A0%2C%22contentVerticalPosition%22%3A52%2C%22imageEffect%22%3A%22none%22%2C%22undefined%22%3Anull%2C%22contentButtonOpenLinkInNewTab%22%3Atrue%7D%5D%2C%22width%22%3A%22100%25%22%2C%22height%22%3A250%2C%22paginationEnabled%22%3Atrue%2C%22paginationStyle%22%3A%22bullets%22%2C%22paginationAlign%22%3A%22right%22%2C%22paginationPosition%22%3A%22outside%22%2C%22paginationColor%22%3A%22rgb%2864%2C%2064%2C%2064%29%22%2C%22arrowsEnabled%22%3Atrue%2C%22arrowsPreviewNext%22%3Afalse%2C%22arrowsPosition%22%3A%22inside%22%2C%22arrowsColor%22%3A%22rgb%28255%2C%20255%2C%20255%29%22%2C%22autoSlideEnabled%22%3Afalse%2C%22autoSlideDelay%22%3A5%2C%22autoSlidePauseOnHover%22%3Atrue%2C%22autoSlideProgressbar%22%3Atrue%2C%22transitionEffect%22%3A%22slide%22%2C%22transitionDuration%22%3A0.59999999999999997779553950749686919152736663818359375%2C%22swipeEnabled%22%3Atrue%2C%22mobileSwipeEnabled%22%3Atrue%2C%22infiniteLoop%22%3Atrue%2C%22widgetId%22%3A%2211%22%7D\" \n                data-elfsight-slider-version=\"1.1.0\"\n                data-elfsight-widget-id=\"elfsight-slider-11\">\n            <\/div>\n            [\/vc_column_text][vc_column_text el_class=\u00a0\u00bbtexto_general\u00a0\u00bb]<\/p>\n<h2 style=\"text-align: left;\">Relations avec les clients<\/h2>\n<p>Nous nous r\u00e9jouissons de vous accompagner pour que vous soyez confiant dans vos d\u00e9cisions. Gr\u00e2ce \u00e0 nos d\u00e9partements de vente r\u00e9partis dans le monde entier, nous proposons des solutions efficaces, durables et de qualit\u00e9. Nous privil\u00e9gions les relations \u00e0 long terme avec nos clients. Si la technologie est un alli\u00e9 essentiel, ce sont les personnes qui nous inspirent. Notre \u00e9quipe de vente travaille en \u00e9troite collaboration avec nos \u00e9quipes de marketing, d&rsquo;administration et de distribution, partageant la m\u00eame passion pour la c\u00e9ramique qui nous a anim\u00e9s jusqu&rsquo;\u00e0 pr\u00e9sent.[\/vc_column_text][\/vc_column][vc_column width=\u00a0\u00bb1\/3&Prime; css=\u00a0\u00bb.vc_custom_1565782187421{padding-top: 0px !important;}\u00a0\u00bb][vc_column_text]\n            <div \n                class=\"elfsight-widget-slider elfsight-widget\" \n                data-elfsight-slider-options=\"%7B%22slides%22%3A%5B%7B%22media%22%3A%22https%3A%5C%2F%5C%2Fvimeo.com%5C%2F1049666277%22%2C%22imageLink%22%3A%22%22%2C%22contentLayout%22%3A%22bottom%22%2C%22contentTitleEnabled%22%3Afalse%2C%22contentTitleText%22%3A%22Black%20Golden%20Mate%22%2C%22contentTitleColor%22%3A%22rgb%280%2C%200%2C%200%29%22%2C%22contentTitleFontSize%22%3A15%2C%22contentTitleFontWeight%22%3A%22bold%22%2C%22contentTextEnabled%22%3Afalse%2C%22contentTextText%22%3A%22%5CnNam%20dapibus%20nisl%20vitae%20elit%20fringilla%20rutrum.%20Aenean%20sollicitudin%2C%20erat%20a%20elementum%20rutrum.%22%2C%22contentTextColor%22%3A%22rgb%28255%2C%20255%2C%20255%29%22%2C%22contentTextFontSize%22%3A20%2C%22contentButtonEnabled%22%3Afalse%2C%22contentButtonText%22%3A%22SHOP%20NOW%22%2C%22contentButtonLink%22%3A%22%22%2C%22contentButtonStyle%22%3A%22filled%22%2C%22contentButtonShape%22%3A4%2C%22contentButtonColor%22%3A%22rgb%28255%2C%20255%2C%20255%29%22%2C%22contentButtonFontSize%22%3A18%2C%22contentMediaEnabled%22%3Afalse%2C%22contentMedia%22%3Anull%2C%22contentImageSize%22%3A100%2C%22contentBadgeEnabled%22%3Afalse%2C%22contentBadgeText%22%3A%22Big%20Sale%22%2C%22contentBadgeColor%22%3A%22rgb%28255%2C%20255%2C%20255%29%22%2C%22contentBadgeFontSize%22%3A16%2C%22contentBadgeStyle%22%3A%22outline%22%2C%22contentOverlayEnabled%22%3Afalse%2C%22contentOverlayColor%22%3Anull%2C%22contentHorizontalPosition%22%3A0%2C%22contentVerticalPosition%22%3A52%2C%22imageEffect%22%3A%22none%22%2C%22undefined%22%3Anull%2C%22contentButtonOpenLinkInNewTab%22%3Atrue%7D%5D%2C%22width%22%3A%22100%25%22%2C%22height%22%3A250%2C%22paginationEnabled%22%3Atrue%2C%22paginationStyle%22%3A%22bullets%22%2C%22paginationAlign%22%3A%22right%22%2C%22paginationPosition%22%3A%22outside%22%2C%22paginationColor%22%3A%22rgb%2864%2C%2064%2C%2064%29%22%2C%22arrowsEnabled%22%3Atrue%2C%22arrowsPreviewNext%22%3Afalse%2C%22arrowsPosition%22%3A%22inside%22%2C%22arrowsColor%22%3A%22rgb%28255%2C%20255%2C%20255%29%22%2C%22autoSlideEnabled%22%3Afalse%2C%22autoSlideDelay%22%3A5%2C%22autoSlidePauseOnHover%22%3Atrue%2C%22autoSlideProgressbar%22%3Atrue%2C%22transitionEffect%22%3A%22slide%22%2C%22transitionDuration%22%3A0.59999999999999997779553950749686919152736663818359375%2C%22swipeEnabled%22%3Atrue%2C%22mobileSwipeEnabled%22%3Atrue%2C%22infiniteLoop%22%3Atrue%2C%22widgetId%22%3A%2210%22%7D\" \n                data-elfsight-slider-version=\"1.1.0\"\n                data-elfsight-widget-id=\"elfsight-slider-10\">\n            <\/div>\n            [\/vc_column_text][vc_column_text el_class=\u00a0\u00bbtexto_general\u00a0\u00bb]<\/p>\n<h2 style=\"text-align: left;\">D\u00e9veloppement<\/h2>\n<p>cNotre vaste catalogue est le fruit du travail d&rsquo;une \u00e9quipe de sp\u00e9cialistes qualifi\u00e9s qui contr\u00f4lent l&rsquo;ensemble du processus de production. Le d\u00e9veloppement des produits s&rsquo;efforce de suivre les tendances mondiales de l&rsquo;industrie et de r\u00e9pondre aux nouveaux d\u00e9fis.[\/vc_column_text][\/vc_column][vc_column width=\u00a0\u00bb1\/3&Prime; css=\u00a0\u00bb.vc_custom_1565782191970{padding-top: 0px !important;}\u00a0\u00bb][vc_column_text]\n            <div \n                class=\"elfsight-widget-slider elfsight-widget\" \n                data-elfsight-slider-options=\"%7B%22slides%22%3A%5B%7B%22media%22%3A%22https%3A%5C%2F%5C%2Fvimeo.com%5C%2F1049666223%22%2C%22imageLink%22%3A%22%22%2C%22contentLayout%22%3A%22bottom%22%2C%22contentTitleEnabled%22%3Afalse%2C%22contentTitleText%22%3A%22Black%20Golden%20Mate%22%2C%22contentTitleColor%22%3A%22rgb%280%2C%200%2C%200%29%22%2C%22contentTitleFontSize%22%3A15%2C%22contentTitleFontWeight%22%3A%22bold%22%2C%22contentTextEnabled%22%3Afalse%2C%22contentTextText%22%3A%22%5CnNam%20dapibus%20nisl%20vitae%20elit%20fringilla%20rutrum.%20Aenean%20sollicitudin%2C%20erat%20a%20elementum%20rutrum.%22%2C%22contentTextColor%22%3A%22rgb%28255%2C%20255%2C%20255%29%22%2C%22contentTextFontSize%22%3A20%2C%22contentButtonEnabled%22%3Afalse%2C%22contentButtonText%22%3A%22SHOP%20NOW%22%2C%22contentButtonLink%22%3A%22%22%2C%22contentButtonStyle%22%3A%22filled%22%2C%22contentButtonShape%22%3A4%2C%22contentButtonColor%22%3A%22rgb%28255%2C%20255%2C%20255%29%22%2C%22contentButtonFontSize%22%3A18%2C%22contentMediaEnabled%22%3Afalse%2C%22contentMedia%22%3Anull%2C%22contentImageSize%22%3A100%2C%22contentBadgeEnabled%22%3Afalse%2C%22contentBadgeText%22%3A%22Big%20Sale%22%2C%22contentBadgeColor%22%3A%22rgb%28255%2C%20255%2C%20255%29%22%2C%22contentBadgeFontSize%22%3A16%2C%22contentBadgeStyle%22%3A%22outline%22%2C%22contentOverlayEnabled%22%3Afalse%2C%22contentOverlayColor%22%3Anull%2C%22contentHorizontalPosition%22%3A0%2C%22contentVerticalPosition%22%3A52%2C%22imageEffect%22%3A%22none%22%2C%22undefined%22%3Anull%2C%22contentButtonOpenLinkInNewTab%22%3Atrue%7D%5D%2C%22width%22%3A%22100%25%22%2C%22height%22%3A250%2C%22paginationEnabled%22%3Atrue%2C%22paginationStyle%22%3A%22bullets%22%2C%22paginationAlign%22%3A%22right%22%2C%22paginationPosition%22%3A%22outside%22%2C%22paginationColor%22%3A%22rgb%2864%2C%2064%2C%2064%29%22%2C%22arrowsEnabled%22%3Atrue%2C%22arrowsPreviewNext%22%3Afalse%2C%22arrowsPosition%22%3A%22inside%22%2C%22arrowsColor%22%3A%22rgb%28255%2C%20255%2C%20255%29%22%2C%22autoSlideEnabled%22%3Afalse%2C%22autoSlideDelay%22%3A5%2C%22autoSlidePauseOnHover%22%3Atrue%2C%22autoSlideProgressbar%22%3Atrue%2C%22transitionEffect%22%3A%22slide%22%2C%22transitionDuration%22%3A0.59999999999999997779553950749686919152736663818359375%2C%22swipeEnabled%22%3Atrue%2C%22mobileSwipeEnabled%22%3Atrue%2C%22infiniteLoop%22%3Atrue%2C%22widgetId%22%3A%229%22%7D\" \n                data-elfsight-slider-version=\"1.1.0\"\n                data-elfsight-widget-id=\"elfsight-slider-9\">\n            <\/div>\n            [\/vc_column_text][vc_column_text el_class=\u00a0\u00bbtexto_general\u00a0\u00bb]<\/p>\n<h2 style=\"text-align: left;\">Logistique et production<\/h2>\n<p>Chez Zenon, nous garantissons un service rapide et de qualit\u00e9 gr\u00e2ce \u00e0 nos deux centres logistiques, l&rsquo;un \u00e0 Sonseca (Tol\u00e8de) et l&rsquo;autre \u00e0 Onda (Castell\u00f3n), avec une capacit\u00e9 de stockage de 20 000 unit\u00e9s. Nous avons \u00e9galement une capacit\u00e9 de production de 10 000 unit\u00e9s par mois.[\/vc_column_text][\/vc_column][\/vc_row]<\/p>\n","protected":false},"excerpt":{"rendered":"<p>[vc_row full_width=\u00a0\u00bbstretch_row_content\u00a0\u00bb el_class=\u00a0\u00bbbreadcrumb\u00a0\u00bb][vc_column][\/vc_column][\/vc_row][vc_row el_class=\u00a0\u00bbtitulares_top_new filosofia\u00a0\u00bb][vc_column width=\u00a0\u00bb1\/6&Prime;][\/vc_column][vc_column width=\u00a0\u00bb2\/3&Prime;][vc_column_text css=\u00a0\u00bb.vc_custom_1737642774005{margin-top: 30px !important;}\u00a0\u00bb] Nous inspirons et conduisons les projets de nos clients. Nous vous proposons non seulement un riche catalogue de designs, mais aussi des solutions \u00e0 tous les d\u00e9fis que vous nous lancez. [\/vc_column_text][\/vc_column][vc_column width=\u00a0\u00bb1\/6&Prime;][\/vc_column][\/vc_row][vc_row full_width=\u00a0\u00bbstretch_row_content_no_spaces\u00a0\u00bb css=\u00a0\u00bb.vc_custom_1643968953126{margin-top: 40px !important;background-position: center !important;background-repeat: no-repeat !important;background-size: cover !important;}\u00a0\u00bb el_class=\u00a0\u00bbslide_filosofia\u00a0\u00bb][vc_column][vc_column_text][\/vc_column_text][\/vc_column][\/vc_row][vc_row disable_element=\u00a0\u00bbyes\u00a0\u00bb][vc_column][vc_single_image [&hellip;]<\/p>\n","protected":false},"author":1,"featured_media":0,"parent":0,"menu_order":0,"comment_status":"closed","ping_status":"closed","template":"","meta":{"om_disable_all_campaigns":false,"footnotes":""},"class_list":["post-2491","page","type-page","status-publish","hentry"],"aioseo_notices":[],"_links":{"self":[{"href":"https:\/\/zenonsolid.web44.com.es\/fr\/wp-json\/wp\/v2\/pages\/2491","targetHints":{"allow":["GET"]}}],"collection":[{"href":"https:\/\/zenonsolid.web44.com.es\/fr\/wp-json\/wp\/v2\/pages"}],"about":[{"href":"https:\/\/zenonsolid.web44.com.es\/fr\/wp-json\/wp\/v2\/types\/page"}],"author":[{"embeddable":true,"href":"https:\/\/zenonsolid.web44.com.es\/fr\/wp-json\/wp\/v2\/users\/1"}],"replies":[{"embeddable":true,"href":"https:\/\/zenonsolid.web44.com.es\/fr\/wp-json\/wp\/v2\/comments?post=2491"}],"version-history":[{"count":18,"href":"https:\/\/zenonsolid.web44.com.es\/fr\/wp-json\/wp\/v2\/pages\/2491\/revisions"}],"predecessor-version":[{"id":11680,"href":"https:\/\/zenonsolid.web44.com.es\/fr\/wp-json\/wp\/v2\/pages\/2491\/revisions\/11680"}],"wp:attachment":[{"href":"https:\/\/zenonsolid.web44.com.es\/fr\/wp-json\/wp\/v2\/media?parent=2491"}],"curies":[{"name":"wp","href":"https:\/\/api.w.org\/{rel}","templated":true}]}}