{"id":9373,"date":"2022-06-30T08:15:41","date_gmt":"2022-06-30T06:15:41","guid":{"rendered":"https:\/\/zenonsolidsurface.atic.green\/productos-intro\/"},"modified":"2025-10-30T12:55:51","modified_gmt":"2025-10-30T11:55:51","slug":"productos-intro","status":"publish","type":"page","link":"https:\/\/zenonsolid.web44.com.es\/fr\/productos-intro\/","title":{"rendered":"Productos intro"},"content":{"rendered":"<p>[vc_row full_width=\u00a0\u00bbstretch_row_content_no_spaces\u00a0\u00bb full_height=\u00a0\u00bbyes\u00a0\u00bb css=\u00a0\u00bb.vc_custom_1663925433624{background-image: url(https:\/\/zenonsolidsurface.com\/wp-content\/uploads\/2022\/09\/Sirio-Lavabo-Negro-Mate-01.jpg?id=9258) !important;background-position: center !important;background-repeat: no-repeat !important;background-size: cover !important;}\u00a0\u00bb][vc_column][\/vc_column][\/vc_row][vc_row full_width=\u00a0\u00bbstretch_row\u00a0\u00bb el_class=\u00a0\u00bbtexto_general bloque_intro intro_top\u00a0\u00bb][vc_column width=\u00a0\u00bb1\/6&Prime;][\/vc_column][vc_column width=\u00a0\u00bb2\/3&Prime;][vc_column_text]<\/p>\n<h2 style=\"text-align: center;\">Surfaces tendance<\/h2>\n<p style=\"text-align: center;\">La technologie la plus r\u00e9cente et un engagement envers l&rsquo;innovation et le design le plus actuel donnent forme aux mat\u00e9riaux Zenon, l&rsquo;outil ultime pour personnaliser au maximum les grands projets. Polyvalence, flexibilit\u00e9 et r\u00e9sistance au service des architectes et des d\u00e9corateurs d&rsquo;int\u00e9rieur. D\u00e9couvrez les surfaces et les produits qui augmenteront les possibilit\u00e9s de votre projet.<\/p>\n<p>[\/vc_column_text][\/vc_column][vc_column width=\u00a0\u00bb1\/6&Prime;][\/vc_column][\/vc_row][vc_row full_width=\u00a0\u00bbstretch_row_content_no_spaces\u00a0\u00bb el_class=\u00a0\u00bbseparador_linea\u00a0\u00bb][vc_column][\/vc_column][\/vc_row][vc_row el_class=\u00a0\u00bbtexto_general bloque_intro intro_imagen right\u00a0\u00bb][vc_column width=\u00a0\u00bb1\/2&Prime; el_class=\u00a0\u00bbtexto\u00a0\u00bb][vc_row_inner][vc_column_inner width=\u00a0\u00bb2\/12&Prime;][\/vc_column_inner][vc_column_inner width=\u00a0\u00bb10\/12&Prime;][vc_column_text]<\/p>\n<h3><u>Rev\u00eatements de sol et de mur SPC.<\/u><\/h3>\n<p>Chez Zenon SPC Collection, nous transformons le concept de r\u00e9novation avec notre gamme de produits SPC qui vous facilitera la vie. Le mat\u00e9riau SPC est un choix de plus en plus populaire pour les rev\u00eatements de sol et de mur dans les projets r\u00e9sidentiels, commerciaux et d&rsquo;am\u00e9nagement int\u00e9rieur, en raison de sa durabilit\u00e9 exceptionnelle, de sa r\u00e9sistance et de sa facilit\u00e9 d&rsquo;entretien. Il est \u00e9galement connu pour son excellente isolation acoustique et thermique, qui contribue \u00e0 am\u00e9liorer le confort dans les espaces. Sa surface, qui peut imiter diverses finitions telles que le bois ou la pierre, offre un aspect esth\u00e9tique attrayant et moderne, tandis que sa r\u00e9sistance \u00e0 l&rsquo;eau et aux changements de temp\u00e9rature en fait un mat\u00e9riau id\u00e9al pour les environnements secs et humides.<\/p>\n<p><a href=\"https:\/\/zenonsolidsurface.com\/fr\/collections-fr\/categorie\/Spc\/\">Recherche de produit<\/a>[\/vc_column_text][\/vc_column_inner][\/vc_row_inner][\/vc_column][vc_column width=\u00a0\u00bb1\/2&Prime; el_class=\u00a0\u00bbimagen\u00a0\u00bb][vc_single_image image=\u00a0\u00bb11430&Prime; img_size=\u00a0\u00bbfull\u00a0\u00bb alignment=\u00a0\u00bbcenter\u00a0\u00bb][\/vc_column][\/vc_row][vc_row full_width=\u00a0\u00bbstretch_row_content_no_spaces\u00a0\u00bb el_class=\u00a0\u00bbseparador_linea\u00a0\u00bb][vc_column][\/vc_column][\/vc_row][vc_row el_class=\u00a0\u00bbtexto_general bloque_intro intro_imagen left\u00a0\u00bb][vc_column width=\u00a0\u00bb1\/2&Prime; el_class=\u00a0\u00bbimagen\u00a0\u00bb][vc_single_image image=\u00a0\u00bb10705&Prime; img_size=\u00a0\u00bbfull\u00a0\u00bb alignment=\u00a0\u00bbcenter\u00a0\u00bb][\/vc_column][vc_column width=\u00a0\u00bb1\/2&Prime; el_class=\u00a0\u00bbtexto\u00a0\u00bb][vc_row_inner][vc_column_inner width=\u00a0\u00bb10\/12&Prime;][vc_column_text]<\/p>\n<h3>Receveurs de douche<\/h3>\n<p>Puret\u00e9, propret\u00e9 et qualit\u00e9. Les receveurs de douche Zenon offrent une solution sur mesure pour l&rsquo;am\u00e9nagement de la salle de bains. Ces pi\u00e8ces combinent les garanties des mat\u00e9riaux avanc\u00e9s avec le design le plus innovant. Notre catalogue est surprenant par la vari\u00e9t\u00e9 des couleurs, par l&rsquo;introduction de textures naturelles et par la possibilit\u00e9 d&rsquo;adapter la taille des receveurs de douche aux besoins de votre projet.<\/p>\n<p><a href=\"https:\/\/zenonsolidsurface.com\/fr\/collections-fr\/categorie\/Plato%20Ducha\/\">Recherche de produit<\/a>[\/vc_column_text][\/vc_column_inner][vc_column_inner width=\u00a0\u00bb2\/12&Prime;][\/vc_column_inner][\/vc_row_inner][\/vc_column][\/vc_row][vc_row full_width=\u00a0\u00bbstretch_row_content_no_spaces\u00a0\u00bb el_class=\u00a0\u00bbseparador_linea\u00a0\u00bb][vc_column][\/vc_column][\/vc_row][vc_row el_class=\u00a0\u00bbtexto_general bloque_intro intro_imagen right\u00a0\u00bb][vc_column width=\u00a0\u00bb1\/2&Prime; el_class=\u00a0\u00bbtexto\u00a0\u00bb][vc_row_inner][vc_column_inner width=\u00a0\u00bb2\/12&Prime;][\/vc_column_inner][vc_column_inner width=\u00a0\u00bb10\/12&Prime;][vc_column_text]<\/p>\n<h3>Baignoires<\/h3>\n<p>Zenon transforme les baignoires en centre d&rsquo;attention. Un engagement sans \u00e9quivoque envers le design qui vous permet de cr\u00e9er des espaces originaux gr\u00e2ce \u00e0 ses formes exclusives. Baignoires autoportantes, encastr\u00e9es, rondes, ovales&#8230; Choisir des baignoires Zenon, c&rsquo;est ajouter une touche de personnalit\u00e9, d&rsquo;originalit\u00e9 et d&rsquo;\u00e9l\u00e9gance. Nos baignoires sont disponibles dans diff\u00e9rents mat\u00e9riaux, couleurs et finitions. De plus, ils peuvent \u00eatre adapt\u00e9s en taille pour s&rsquo;adapter \u00e0 tous les projets. D\u00e9couvrez-les !<\/p>\n<p><a href=\"https:\/\/zenonsolidsurface.com\/fr\/collections-fr\/categorie\/Ba%C3%B1eras\/\">Recherche de produit<\/a>[\/vc_column_text][\/vc_column_inner][\/vc_row_inner][\/vc_column][vc_column width=\u00a0\u00bb1\/2&Prime; el_class=\u00a0\u00bbimagen\u00a0\u00bb][vc_single_image image=\u00a0\u00bb9216&Prime; img_size=\u00a0\u00bbfull\u00a0\u00bb alignment=\u00a0\u00bbcenter\u00a0\u00bb][\/vc_column][\/vc_row][vc_row full_width=\u00a0\u00bbstretch_row_content_no_spaces\u00a0\u00bb el_class=\u00a0\u00bbseparador_linea\u00a0\u00bb][vc_column][\/vc_column][\/vc_row][vc_row el_class=\u00a0\u00bbtexto_general bloque_intro intro_imagen left\u00a0\u00bb][vc_column width=\u00a0\u00bb1\/2&Prime; el_class=\u00a0\u00bbimagen\u00a0\u00bb][vc_single_image image=\u00a0\u00bb9204&Prime; img_size=\u00a0\u00bbfull\u00a0\u00bb alignment=\u00a0\u00bbcenter\u00a0\u00bb][\/vc_column][vc_column width=\u00a0\u00bb1\/2&Prime; el_class=\u00a0\u00bbtexto\u00a0\u00bb][vc_row_inner][vc_column_inner width=\u00a0\u00bb10\/12&Prime;][vc_column_text]<\/p>\n<h3>Lavabos<\/h3>\n<p>Zenon \u00e9l\u00e8ve la conception de la salle de bains avec une collection de lavabos qui allie l&rsquo;esth\u00e9tique, la fonctionnalit\u00e9 et les mat\u00e9riaux innovants. Des vasques \u00e0 poser minimalistes aux vasques autoportantes sculpturales, chaque pi\u00e8ce est con\u00e7ue pour s&rsquo;int\u00e9grer avec \u00e9l\u00e9gance dans les projets r\u00e9sidentiels et commerciaux.<br \/>\nNos vasques \u00e0 poser se distinguent par leur design \u00e9l\u00e9gant et leur impact visuel, avec des formes allant de la vasque circulaire \u00e0 l&rsquo;allure romantique \u00e0 des propositions carr\u00e9es aux lignes contemporaines. Elles offrent une finition sans joint et sont disponibles en neuf couleurs standard, avec la possibilit\u00e9 de personnaliser l&rsquo;ext\u00e9rieur dans des teintes m\u00e9talliques sophistiqu\u00e9es.<br \/>\nAvec une grande vari\u00e9t\u00e9 de mod\u00e8les, de finitions et de formats, la collection de lavabos Zenon devient un outil polyvalent pour les architectes et les d\u00e9corateurs d&rsquo;int\u00e9rieur \u00e0 la recherche de solutions distinctives, r\u00e9sistantes, l\u00e9g\u00e8res et hygi\u00e9niques.<\/p>\n<p><a href=\"https:\/\/zenonsolidsurface.com\/fr\/collections-fr\/categorie\/Lavabos\/\">Recherche de produit<\/a>[\/vc_column_text][\/vc_column_inner][vc_column_inner width=\u00a0\u00bb2\/12&Prime;][\/vc_column_inner][\/vc_row_inner][\/vc_column][\/vc_row][vc_row full_width=\u00a0\u00bbstretch_row_content_no_spaces\u00a0\u00bb el_class=\u00a0\u00bbseparador_linea\u00a0\u00bb][vc_column][\/vc_column][\/vc_row][vc_row el_class=\u00a0\u00bbtexto_general bloque_intro intro_imagen right\u00a0\u00bb][vc_column width=\u00a0\u00bb1\/2&Prime; el_class=\u00a0\u00bbtexto\u00a0\u00bb][vc_row_inner][vc_column_inner width=\u00a0\u00bb2\/12&Prime;][\/vc_column_inner][vc_column_inner width=\u00a0\u00bb10\/12&Prime;][vc_column_text]<\/p>\n<h3>Meubles de salle de bains<\/h3>\n<p>L\u00e9gers, fonctionnels et con\u00e7us avec soin dans les moindres d\u00e9tails, les meubles de salle de bains Zenon sont le compl\u00e9ment id\u00e9al pour les projets r\u00e9sidentiels et contractuels. Bien plus que des meubles de salle de bains, notre collection comprend une gamme compl\u00e8te de solutions qui permettent aux d\u00e9corateurs et aux architectes d&rsquo;int\u00e9rieur de concevoir des espaces coh\u00e9rents, \u00e9l\u00e9gants et enti\u00e8rement personnalis\u00e9s. Outre les meubles de salle de bains, la collection est compl\u00e9t\u00e9e par des miroirs, des \u00e9tag\u00e8res, des structures m\u00e9talliques et des niches int\u00e9gr\u00e9es. Des \u00e9l\u00e9ments con\u00e7us pour apporter fonctionnalit\u00e9 et caract\u00e8re \u00e0 l&rsquo;espace, sans sacrifier la l\u00e9g\u00e8ret\u00e9 visuelle et la force qui d\u00e9finissent tous les produits Zenon. Chaque pi\u00e8ce est con\u00e7ue pour s&rsquo;int\u00e9grer harmonieusement dans n&rsquo;importe quel style de salle de bains, en apportant un suppl\u00e9ment de design et de praticit\u00e9 aux ambiances les plus avant-gardistes.<\/p>\n<p><a href=\"https:\/\/zenonsolidsurface.com\/fr\/collections-fr\/categorie\/Mobiliario\/\">Recherche de produit<\/a>[\/vc_column_text][\/vc_column_inner][\/vc_row_inner][\/vc_column][vc_column width=\u00a0\u00bb1\/2&Prime; el_class=\u00a0\u00bbimagen\u00a0\u00bb][vc_single_image image=\u00a0\u00bb9208&Prime; img_size=\u00a0\u00bbfull\u00a0\u00bb alignment=\u00a0\u00bbcenter\u00a0\u00bb][\/vc_column][\/vc_row][vc_row full_width=\u00a0\u00bbstretch_row_content_no_spaces\u00a0\u00bb el_class=\u00a0\u00bbseparador_linea\u00a0\u00bb][vc_column][\/vc_column][\/vc_row][vc_row full_width=\u00a0\u00bbstretch_row\u00a0\u00bb el_class=\u00a0\u00bbtexto_general bloque_intro intro_bottom\u00a0\u00bb][vc_column width=\u00a0\u00bb1\/6&Prime;][\/vc_column][vc_column width=\u00a0\u00bb2\/3&Prime;][vc_column_text]<\/p>\n<h2 style=\"text-align: center;\">Nos mat\u00e9riaux de bain<\/h2>\n<p>[\/vc_column_text][\/vc_column][vc_column width=\u00a0\u00bb1\/6&Prime;][\/vc_column][\/vc_row][vc_row el_class=\u00a0\u00bbtexto_general bloque_intro intro_imagen bottom\u00a0\u00bb][vc_column width=\u00a0\u00bb1\/2&Prime; el_class=\u00a0\u00bbizquierda\u00a0\u00bb][vc_single_image image=\u00a0\u00bb11647&Prime; img_size=\u00a0\u00bbfull\u00a0\u00bb alignment=\u00a0\u00bbcenter\u00a0\u00bb][vc_column_text]<\/p>\n<h3>Gel coat<\/h3>\n<p>C&rsquo;est le nom du produit utilis\u00e9 pour la couche de surface qui recouvre la charge min\u00e9rale et la masse de r\u00e9sine. Il s&rsquo;agit donc d&rsquo;un rev\u00eatement de haute qualit\u00e9 \u00e0 base de r\u00e9sines polyester. Cette couche de surface est thermofusionn\u00e9e avec le corps et donne naissance \u00e0 des produits qui se distinguent par leur durabilit\u00e9, leur duret\u00e9, leur r\u00e9sistance \u00e0 l&rsquo;hydrolyse et aux agressions chimiques et par leur caract\u00e8re antibact\u00e9rien. En outre, il s&rsquo;agit d&rsquo;un engagement envers le design, car il permet de cr\u00e9er des textures innovantes dans la salle de bains.[\/vc_column_text][vc_column_text el_class=\u00a0\u00bbenlaces\u00a0\u00bb]<a href=\"https:\/\/zenonsolidsurface.com\/fr\/gel-coat\/\">Plus d&rsquo;informations<\/a>[\/vc_column_text][\/vc_column][vc_column width=\u00a0\u00bb1\/2&Prime; el_class=\u00a0\u00bbderecha\u00a0\u00bb][vc_single_image image=\u00a0\u00bb11643&Prime; img_size=\u00a0\u00bbfull\u00a0\u00bb alignment=\u00a0\u00bbcenter\u00a0\u00bb][vc_column_text]<\/p>\n<h3>Smart Solid<\/h3>\n<p>Ce compos\u00e9 de r\u00e9sine acrylique est normalement utilis\u00e9 pour fabriquer des feuilles ou des plaques de diff\u00e9rents formats, c&rsquo;est un mat\u00e9riau beaucoup plus parfait et plus polyvalent que le solide gr\u00e2ce \u00e0 son caract\u00e8re thermoformable. Il s&rsquo;agit \u00e9galement d&rsquo;un produit tout en masse qui offre des possibilit\u00e9s infinies pour construire des formes adapt\u00e9es \u00e0 chaque espace sans avoir \u00e0 se limiter \u00e0 un moule. L&rsquo;outil de conception ultime pour les architectes et les d\u00e9corateurs d&rsquo;int\u00e9rieur.[\/vc_column_text][vc_column_text el_class=\u00a0\u00bbenlaces\u00a0\u00bb]<a href=\"https:\/\/zenonsolidsurface.com\/fr\/smart_solid-surface\/\">Plus d&rsquo;informations<\/a>[\/vc_column_text][\/vc_column][\/vc_row][vc_row el_class=\u00a0\u00bbtexto_general bloque_intro intro_imagen bottom\u00a0\u00bb][vc_column width=\u00a0\u00bb1\/2&Prime; el_class=\u00a0\u00bbizquierda\u00a0\u00bb][vc_single_image image=\u00a0\u00bb11660&Prime; img_size=\u00a0\u00bbfull\u00a0\u00bb alignment=\u00a0\u00bbcenter\u00a0\u00bb][vc_column_text]<\/p>\n<h3>Acrilyc<\/h3>\n<p>L&rsquo;acrylique est une variante du plastique, r\u00e9sistante, tr\u00e8s flexible et l\u00e9g\u00e8re, qui facilite la manipulation, l&rsquo;installation et la pose.<br \/>\nIls se distinguent par leur grande transparence, leur grande r\u00e9sistance aux chocs (plus de 15 fois sup\u00e9rieure \u00e0 celle du verre) et leur r\u00e9sistance aux rayons ultraviolets. C&rsquo;est un excellent isolant thermique et acoustique, tr\u00e8s l\u00e9ger et d&rsquo;une duret\u00e9 similaire \u00e0 celle de l&rsquo;aluminium. L&rsquo;acrylique facilite le moulage et l&rsquo;usinage gr\u00e2ce \u00e0 sa grande souplesse et \u00e0 sa l\u00e9g\u00e8ret\u00e9, et c&rsquo;est \u00e9galement un excellent isolant thermique et acoustique.[\/vc_column_text][vc_column_text el_class=\u00a0\u00bbenlaces\u00a0\u00bb]<a href=\"https:\/\/zenonsolidsurface.com\/fr\/acrylic\/\">Plus d&rsquo;informations<\/a>[\/vc_column_text][\/vc_column][vc_column width=\u00a0\u00bb1\/2&Prime; el_class=\u00a0\u00bbderecha\u00a0\u00bb][vc_single_image image=\u00a0\u00bb11651&Prime; img_size=\u00a0\u00bbfull\u00a0\u00bb alignment=\u00a0\u00bbcenter\u00a0\u00bb][vc_column_text]<\/p>\n<h3>Solid Surface<\/h3>\n<p>Ce sont des produits tout en masse. Il n&rsquo;y a pas de couche de surface et l&rsquo;ensemble du produit est un m\u00e9lange homog\u00e8ne de mat\u00e9riaux. Ce type de compos\u00e9 \u00e0 surface solide (r\u00e9sine polyester) est le plus souvent utilis\u00e9 pour injecter du mat\u00e9riau dans des moules, ce qui permet d&rsquo;obtenir un produit fini sans joints visibles. Notre Solid Surface se distingue par sa l\u00e9g\u00e8ret\u00e9 et sa finition lisse, contribuant \u00e0 dynamiser le design de la salle de bains et d&rsquo;autres espaces gr\u00e2ce \u00e0 ses multiples applications.[\/vc_column_text][vc_column_text el_class=\u00a0\u00bbenlaces\u00a0\u00bb]<a href=\"https:\/\/zenonsolidsurface.com\/fr\/solid_surface\/\">Plus d&rsquo;informations<\/a>[\/vc_column_text][\/vc_column][\/vc_row]<\/p>\n","protected":false},"excerpt":{"rendered":"<p>[vc_row full_width=\u00a0\u00bbstretch_row_content_no_spaces\u00a0\u00bb full_height=\u00a0\u00bbyes\u00a0\u00bb css=\u00a0\u00bb.vc_custom_1663925433624{background-image: url(https:\/\/zenonsolidsurface.com\/wp-content\/uploads\/2022\/09\/Sirio-Lavabo-Negro-Mate-01.jpg?id=9258) !important;background-position: center !important;background-repeat: no-repeat !important;background-size: cover !important;}\u00a0\u00bb][vc_column][\/vc_column][\/vc_row][vc_row full_width=\u00a0\u00bbstretch_row\u00a0\u00bb el_class=\u00a0\u00bbtexto_general bloque_intro intro_top\u00a0\u00bb][vc_column width=\u00a0\u00bb1\/6&Prime;][\/vc_column][vc_column width=\u00a0\u00bb2\/3&Prime;][vc_column_text] Surfaces tendance La technologie la plus r\u00e9cente et un engagement envers l&rsquo;innovation et le design le plus actuel donnent forme aux mat\u00e9riaux Zenon, l&rsquo;outil ultime pour personnaliser au maximum les grands projets. Polyvalence, flexibilit\u00e9 et r\u00e9sistance au [&hellip;]<\/p>\n","protected":false},"author":1,"featured_media":0,"parent":0,"menu_order":0,"comment_status":"closed","ping_status":"closed","template":"","meta":{"om_disable_all_campaigns":false,"footnotes":""},"class_list":["post-9373","page","type-page","status-publish","hentry"],"aioseo_notices":[],"_links":{"self":[{"href":"https:\/\/zenonsolid.web44.com.es\/fr\/wp-json\/wp\/v2\/pages\/9373","targetHints":{"allow":["GET"]}}],"collection":[{"href":"https:\/\/zenonsolid.web44.com.es\/fr\/wp-json\/wp\/v2\/pages"}],"about":[{"href":"https:\/\/zenonsolid.web44.com.es\/fr\/wp-json\/wp\/v2\/types\/page"}],"author":[{"embeddable":true,"href":"https:\/\/zenonsolid.web44.com.es\/fr\/wp-json\/wp\/v2\/users\/1"}],"replies":[{"embeddable":true,"href":"https:\/\/zenonsolid.web44.com.es\/fr\/wp-json\/wp\/v2\/comments?post=9373"}],"version-history":[{"count":20,"href":"https:\/\/zenonsolid.web44.com.es\/fr\/wp-json\/wp\/v2\/pages\/9373\/revisions"}],"predecessor-version":[{"id":11670,"href":"https:\/\/zenonsolid.web44.com.es\/fr\/wp-json\/wp\/v2\/pages\/9373\/revisions\/11670"}],"wp:attachment":[{"href":"https:\/\/zenonsolid.web44.com.es\/fr\/wp-json\/wp\/v2\/media?parent=9373"}],"curies":[{"name":"wp","href":"https:\/\/api.w.org\/{rel}","templated":true}]}}